{"id":2,"date":"2011-07-05T15:45:28","date_gmt":"2011-07-05T13:45:28","guid":{"rendered":"http:\/\/interscript.de\/volker\/?page_id=2"},"modified":"2018-04-05T07:54:35","modified_gmt":"2018-04-05T05:54:35","slug":"band","status":"publish","type":"page","link":"https:\/\/volker.infodrive.de\/?page_id=2","title":{"rendered":"Band"},"content":{"rendered":"<p><img decoding=\"async\" src=\"https:\/\/volker.infodrive.de\/wp-content\/uploads\/2011\/07\/vrdsc_0137-1-sized1.jpg\" class=\"size-full\"><\/p>\n<p style=\"text-align: center\">Andreas Nestl, Niko Kritzer, Florian Stritzelberger, Georg Habitzreither, Ingo Besenfelder, Steffen Metzka<\/p>\n<p>6 Jungs, die es kaum erwarten k\u00f6nnen ihre gute Laune mit allen zu teilen. Wir spielen vorwiegend 90er Pop Covers, \u00e0 la Bravo Hits, aber nat\u00fcrlich auf unsre eigene Art. Die meisten Songs sind eigentlich Kandidaten, bei denen man nicht mal auf die Idee kommt, sie k\u00f6nnten mit den Standardinstrumenten einer Rockband nachgespielt werden. Gerade aber damit kann sich Volker Racho, denke ich, abheben von sonstigen Cover Bands der Region. Au\u00dferdem intensiviert sich die ganze Vorstellung noch durch das st\u00e4ndige Durchwechseln der Instrumente. Vielseitigkeit und vor allem riesen Spass am Feiern und nat\u00fcrlich der Musik steht bei uns ganz oben auf der Liste. Wenn es darauf ankommt gut Stimmung zu machen und die Partykracher gefragt sind, sind wir genau die Richtigen. Solange f\u00fcr ausreichend fl\u00fcssige Nahrung gesorgt ist kann man mit uns rechnen.<\/p>\n","protected":false},"excerpt":{"rendered":"<p>Andreas Nestl, Niko Kritzer, Florian Stritzelberger, Georg Habitzreither, Ingo Besenfelder, Steffen Metzka 6 Jungs, die es kaum erwarten k\u00f6nnen ihre gute Laune mit allen zu teilen. Wir spielen vorwiegend 90er Pop Covers, \u00e0 la Bravo Hits, aber nat\u00fcrlich auf unsre eigene Art. Die meisten Songs sind eigentlich Kandidaten, bei denen man nicht mal auf die &hellip; <\/p>\n<p><a class=\"more-link btn\" href=\"https:\/\/volker.infodrive.de\/?page_id=2\">Weiterlesen<\/a><\/p>\n","protected":false},"author":1,"featured_media":0,"parent":0,"menu_order":0,"comment_status":"closed","ping_status":"closed","template":"template-onecolumn.php","meta":{"ngg_post_thumbnail":0,"footnotes":""},"class_list":["post-2","page","type-page","status-publish","hentry","nodate","item-wrap"],"_links":{"self":[{"href":"https:\/\/volker.infodrive.de\/index.php?rest_route=\/wp\/v2\/pages\/2","targetHints":{"allow":["GET"]}}],"collection":[{"href":"https:\/\/volker.infodrive.de\/index.php?rest_route=\/wp\/v2\/pages"}],"about":[{"href":"https:\/\/volker.infodrive.de\/index.php?rest_route=\/wp\/v2\/types\/page"}],"author":[{"embeddable":true,"href":"https:\/\/volker.infodrive.de\/index.php?rest_route=\/wp\/v2\/users\/1"}],"replies":[{"embeddable":true,"href":"https:\/\/volker.infodrive.de\/index.php?rest_route=%2Fwp%2Fv2%2Fcomments&post=2"}],"version-history":[{"count":35,"href":"https:\/\/volker.infodrive.de\/index.php?rest_route=\/wp\/v2\/pages\/2\/revisions"}],"predecessor-version":[{"id":512,"href":"https:\/\/volker.infodrive.de\/index.php?rest_route=\/wp\/v2\/pages\/2\/revisions\/512"}],"wp:attachment":[{"href":"https:\/\/volker.infodrive.de\/index.php?rest_route=%2Fwp%2Fv2%2Fmedia&parent=2"}],"curies":[{"name":"wp","href":"https:\/\/api.w.org\/{rel}","templated":true}]}}