{"id":132,"date":"2011-07-08T00:57:43","date_gmt":"2011-07-07T22:57:43","guid":{"rendered":"http:\/\/interscript.de\/volker\/?page_id=132"},"modified":"2016-02-27T09:49:22","modified_gmt":"2016-02-27T08:49:22","slug":"veranstalterinfo","status":"publish","type":"page","link":"https:\/\/volker.infodrive.de\/?page_id=132","title":{"rendered":"Veranstalterinfo"},"content":{"rendered":"<p>Hier k\u00f6nnen Sie Pressematerial und Informationen zur Organisation herunterladen.<\/p>\n<p><a href=\"https:\/\/volker.infodrive.de\/wp-content\/uploads\/2011\/07\/Stageplan-VR.pdf\">Stageplan VR<\/a><\/p>\n<p><a title=\"Liederliste f\u00fcr die GEMA\" href=\"https:\/\/volker.infodrive.de\/wp-content\/uploads\/2011\/07\/Setlist_05.06.11_GEMA.pdf\">Liederliste f\u00fcr die GEMA<\/a><\/p>\n<p>Live-Mitschnitt auf Anfrage m\u00f6glich.<\/p>\n","protected":false},"excerpt":{"rendered":"<p>Hier k\u00f6nnen Sie Pressematerial und Informationen zur Organisation herunterladen. Stageplan VR Liederliste f\u00fcr die GEMA Live-Mitschnitt auf Anfrage m\u00f6glich.<\/p>\n","protected":false},"author":1,"featured_media":0,"parent":0,"menu_order":4,"comment_status":"closed","ping_status":"closed","template":"template-onecolumn.php","meta":{"ngg_post_thumbnail":0,"footnotes":""},"class_list":["post-132","page","type-page","status-publish","hentry","nodate","item-wrap"],"_links":{"self":[{"href":"https:\/\/volker.infodrive.de\/index.php?rest_route=\/wp\/v2\/pages\/132","targetHints":{"allow":["GET"]}}],"collection":[{"href":"https:\/\/volker.infodrive.de\/index.php?rest_route=\/wp\/v2\/pages"}],"about":[{"href":"https:\/\/volker.infodrive.de\/index.php?rest_route=\/wp\/v2\/types\/page"}],"author":[{"embeddable":true,"href":"https:\/\/volker.infodrive.de\/index.php?rest_route=\/wp\/v2\/users\/1"}],"replies":[{"embeddable":true,"href":"https:\/\/volker.infodrive.de\/index.php?rest_route=%2Fwp%2Fv2%2Fcomments&post=132"}],"version-history":[{"count":13,"href":"https:\/\/volker.infodrive.de\/index.php?rest_route=\/wp\/v2\/pages\/132\/revisions"}],"predecessor-version":[{"id":476,"href":"https:\/\/volker.infodrive.de\/index.php?rest_route=\/wp\/v2\/pages\/132\/revisions\/476"}],"wp:attachment":[{"href":"https:\/\/volker.infodrive.de\/index.php?rest_route=%2Fwp%2Fv2%2Fmedia&parent=132"}],"curies":[{"name":"wp","href":"https:\/\/api.w.org\/{rel}","templated":true}]}}